{"id":452,"date":"2019-10-04T06:56:47","date_gmt":"2019-10-04T06:56:47","guid":{"rendered":"http:\/\/pandora-tagesstaette.de\/?page_id=452"},"modified":"2019-10-10T13:57:38","modified_gmt":"2019-10-10T13:57:38","slug":"einrichtung","status":"publish","type":"page","link":"https:\/\/pandora-tagesstaette.de\/?page_id=452","title":{"rendered":"Einrichtung"},"content":{"rendered":"\n<!-- index.php -->\n<div\n\tclass=\"ngg-galleryoverview\"\n\tid=\"ngg-gallery-ab1c0c3973a6c8a1870579557fbbc1de-1\">\n\n    \t\t<!-- Thumbnails -->\n\t\t\t\t<div id=\"ngg-image-0\" class=\"ngg-gallery-thumbnail-box\" >\n\t\t\t\t        <div class=\"ngg-gallery-thumbnail\">\n            <a href=\"https:\/\/pandora-tagesstaette.de\/wp-content\/gallery\/einrichtung\/IMG_20191004_083723.jpg\"\n               title=\"Hier finden allgemeine Besch\u00e4ftigungen, wie Sitztanz, Bingo, Erinnerungsrunden, Darts und weiteren Angeboten statt\"\n               data-src=\"https:\/\/pandora-tagesstaette.de\/wp-content\/gallery\/einrichtung\/IMG_20191004_083723.jpg\"\n               data-thumbnail=\"https:\/\/pandora-tagesstaette.de\/wp-content\/gallery\/einrichtung\/thumbs\/thumbs_IMG_20191004_083723.jpg\"\n               data-image-id=\"76\"\n               data-title=\"Gruppentherapieraum\"\n               data-description=\"Hier finden allgemeine Besch\u00e4ftigungen, wie Sitztanz, Bingo, Erinnerungsrunden, Darts und weiteren Angeboten statt\"\n               data-image-slug=\"img_20191004_083723\"\n               class=\"ngg-fancybox\" rel=\"ab1c0c3973a6c8a1870579557fbbc1de\">\n                <img\n                    title=\"Gruppentherapieraum\"\n                    alt=\"Gruppentherapieraum\"\n                    src=\"https:\/\/pandora-tagesstaette.de\/wp-content\/gallery\/einrichtung\/thumbs\/thumbs_IMG_20191004_083723.jpg\"\n                    width=\"240\"\n                    height=\"160\"\n                    style=\"max-width:100%;\"\n                \/>\n            <\/a>\n        <\/div>\n\t\t\t\t\t\t\t<\/div> \n\t\t\t\n        \n\t\t\t\t<div id=\"ngg-image-1\" class=\"ngg-gallery-thumbnail-box\" >\n\t\t\t\t        <div class=\"ngg-gallery-thumbnail\">\n            <a href=\"https:\/\/pandora-tagesstaette.de\/wp-content\/gallery\/einrichtung\/IMG_20191002_153609.jpg\"\n               title=\"Bei Sonnenstunden l\u00e4dt der Garten zum verweilen ein.\"\n               data-src=\"https:\/\/pandora-tagesstaette.de\/wp-content\/gallery\/einrichtung\/IMG_20191002_153609.jpg\"\n               data-thumbnail=\"https:\/\/pandora-tagesstaette.de\/wp-content\/gallery\/einrichtung\/thumbs\/thumbs_IMG_20191002_153609.jpg\"\n               data-image-id=\"78\"\n               data-title=\"Garten Ansicht von oben\"\n               data-description=\"Bei Sonnenstunden l\u00e4dt der Garten zum verweilen ein.\"\n               data-image-slug=\"img_20191002_153609\"\n               class=\"ngg-fancybox\" rel=\"ab1c0c3973a6c8a1870579557fbbc1de\">\n                <img\n                    title=\"Garten Ansicht von oben\"\n                    alt=\"Garten Ansicht von oben\"\n                    src=\"https:\/\/pandora-tagesstaette.de\/wp-content\/gallery\/einrichtung\/thumbs\/thumbs_IMG_20191002_153609.jpg\"\n                    width=\"240\"\n                    height=\"160\"\n                    style=\"max-width:100%;\"\n                \/>\n            <\/a>\n        <\/div>\n\t\t\t\t\t\t\t<\/div> \n\t\t\t\n        \n\t\t\t\t<div id=\"ngg-image-2\" class=\"ngg-gallery-thumbnail-box\" >\n\t\t\t\t        <div class=\"ngg-gallery-thumbnail\">\n            <a href=\"https:\/\/pandora-tagesstaette.de\/wp-content\/gallery\/einrichtung\/IMG_20191002_153158.jpg\"\n               title=\"Therapien und Besch\u00e4ftigungen finden je nach Wetter auch draussen statt.\"\n               data-src=\"https:\/\/pandora-tagesstaette.de\/wp-content\/gallery\/einrichtung\/IMG_20191002_153158.jpg\"\n               data-thumbnail=\"https:\/\/pandora-tagesstaette.de\/wp-content\/gallery\/einrichtung\/thumbs\/thumbs_IMG_20191002_153158.jpg\"\n               data-image-id=\"79\"\n               data-title=\"Garten Ansicht Ausgang\"\n               data-description=\"Therapien und Besch\u00e4ftigungen finden je nach Wetter auch draussen statt.\"\n               data-image-slug=\"img_20191002_153158\"\n               class=\"ngg-fancybox\" rel=\"ab1c0c3973a6c8a1870579557fbbc1de\">\n                <img\n                    title=\"Garten Ansicht Ausgang\"\n                    alt=\"Garten Ansicht Ausgang\"\n                    src=\"https:\/\/pandora-tagesstaette.de\/wp-content\/gallery\/einrichtung\/thumbs\/thumbs_IMG_20191002_153158.jpg\"\n                    width=\"240\"\n                    height=\"160\"\n                    style=\"max-width:100%;\"\n                \/>\n            <\/a>\n        <\/div>\n\t\t\t\t\t\t\t<\/div> \n\t\t\t\n        \n\t\t\t\t<div id=\"ngg-image-3\" class=\"ngg-gallery-thumbnail-box\" >\n\t\t\t\t        <div class=\"ngg-gallery-thumbnail\">\n            <a href=\"https:\/\/pandora-tagesstaette.de\/wp-content\/gallery\/einrichtung\/IMG_20191002_152352.jpg\"\n               title=\"Unser Ruheraum dient als R\u00fcckzugsort und l\u00e4dt zum entspannen ein.\"\n               data-src=\"https:\/\/pandora-tagesstaette.de\/wp-content\/gallery\/einrichtung\/IMG_20191002_152352.jpg\"\n               data-thumbnail=\"https:\/\/pandora-tagesstaette.de\/wp-content\/gallery\/einrichtung\/thumbs\/thumbs_IMG_20191002_152352.jpg\"\n               data-image-id=\"80\"\n               data-title=\"Ruheraum 1\"\n               data-description=\"Unser Ruheraum dient als R\u00fcckzugsort und l\u00e4dt zum entspannen ein.\"\n               data-image-slug=\"img_20191002_152352\"\n               class=\"ngg-fancybox\" rel=\"ab1c0c3973a6c8a1870579557fbbc1de\">\n                <img\n                    title=\"Ruheraum 1\"\n                    alt=\"Ruheraum 1\"\n                    src=\"https:\/\/pandora-tagesstaette.de\/wp-content\/gallery\/einrichtung\/thumbs\/thumbs_IMG_20191002_152352.jpg\"\n                    width=\"240\"\n                    height=\"160\"\n                    style=\"max-width:100%;\"\n                \/>\n            <\/a>\n        <\/div>\n\t\t\t\t\t\t\t<\/div> \n\t\t\t\n        \n\t\t\t\t<div id=\"ngg-image-4\" class=\"ngg-gallery-thumbnail-box\" >\n\t\t\t\t        <div class=\"ngg-gallery-thumbnail\">\n            <a href=\"https:\/\/pandora-tagesstaette.de\/wp-content\/gallery\/einrichtung\/IMG_20191002_152757.jpg\"\n               title=\"Um eine interdisziplin\u00e4re Arbeit mit bspw. Physiotherape oder Logop\u00e4die zu gew\u00e4hrleisten steht ein extra Therapieraum zur Verf\u00fcgung.\"\n               data-src=\"https:\/\/pandora-tagesstaette.de\/wp-content\/gallery\/einrichtung\/IMG_20191002_152757.jpg\"\n               data-thumbnail=\"https:\/\/pandora-tagesstaette.de\/wp-content\/gallery\/einrichtung\/thumbs\/thumbs_IMG_20191002_152757.jpg\"\n               data-image-id=\"81\"\n               data-title=\"Therapieraum Einzelbetreuung\"\n               data-description=\"Um eine interdisziplin\u00e4re Arbeit mit bspw. Physiotherape oder Logop\u00e4die zu gew\u00e4hrleisten steht ein extra Therapieraum zur Verf\u00fcgung.\"\n               data-image-slug=\"img_20191002_152757\"\n               class=\"ngg-fancybox\" rel=\"ab1c0c3973a6c8a1870579557fbbc1de\">\n                <img\n                    title=\"Therapieraum Einzelbetreuung\"\n                    alt=\"Therapieraum Einzelbetreuung\"\n                    src=\"https:\/\/pandora-tagesstaette.de\/wp-content\/gallery\/einrichtung\/thumbs\/thumbs_IMG_20191002_152757.jpg\"\n                    width=\"240\"\n                    height=\"160\"\n                    style=\"max-width:100%;\"\n                \/>\n            <\/a>\n        <\/div>\n\t\t\t\t\t\t\t<\/div> \n\t\t\t\n        \n\t\t\t\t<div id=\"ngg-image-5\" class=\"ngg-gallery-thumbnail-box\" >\n\t\t\t\t        <div class=\"ngg-gallery-thumbnail\">\n            <a href=\"https:\/\/pandora-tagesstaette.de\/wp-content\/gallery\/einrichtung\/IMG_20191002_153026.jpg\"\n               title=\"Unser Schlafzimmer mit 2 Betten, falls die Nacht nicht ausreichend Schlaf gebracht hat.\"\n               data-src=\"https:\/\/pandora-tagesstaette.de\/wp-content\/gallery\/einrichtung\/IMG_20191002_153026.jpg\"\n               data-thumbnail=\"https:\/\/pandora-tagesstaette.de\/wp-content\/gallery\/einrichtung\/thumbs\/thumbs_IMG_20191002_153026.jpg\"\n               data-image-id=\"82\"\n               data-title=\"Ruheraum Betten\"\n               data-description=\"Unser Schlafzimmer mit 2 Betten, falls die Nacht nicht ausreichend Schlaf gebracht hat.\"\n               data-image-slug=\"img_20191002_153026\"\n               class=\"ngg-fancybox\" rel=\"ab1c0c3973a6c8a1870579557fbbc1de\">\n                <img\n                    title=\"Ruheraum Betten\"\n                    alt=\"Ruheraum Betten\"\n                    src=\"https:\/\/pandora-tagesstaette.de\/wp-content\/gallery\/einrichtung\/thumbs\/thumbs_IMG_20191002_153026.jpg\"\n                    width=\"240\"\n                    height=\"160\"\n                    style=\"max-width:100%;\"\n                \/>\n            <\/a>\n        <\/div>\n\t\t\t\t\t\t\t<\/div> \n\t\t\t\n        \n\t\t\t\t<div id=\"ngg-image-6\" class=\"ngg-gallery-thumbnail-box\" >\n\t\t\t\t        <div class=\"ngg-gallery-thumbnail\">\n            <a href=\"https:\/\/pandora-tagesstaette.de\/wp-content\/gallery\/einrichtung\/IMG_20191002_152815.jpg\"\n               title=\"Hier stehen ebenfalls elektrische Sessel zur Verf\u00fcgung, falls nach dem Mittagessen eine Pause eingelegt werden m\u00f6chte.\"\n               data-src=\"https:\/\/pandora-tagesstaette.de\/wp-content\/gallery\/einrichtung\/IMG_20191002_152815.jpg\"\n               data-thumbnail=\"https:\/\/pandora-tagesstaette.de\/wp-content\/gallery\/einrichtung\/thumbs\/thumbs_IMG_20191002_152815.jpg\"\n               data-image-id=\"83\"\n               data-title=\"Ruheraum 2\"\n               data-description=\"Hier stehen ebenfalls elektrische Sessel zur Verf\u00fcgung, falls nach dem Mittagessen eine Pause eingelegt werden m\u00f6chte.\"\n               data-image-slug=\"img_20191002_152815\"\n               class=\"ngg-fancybox\" rel=\"ab1c0c3973a6c8a1870579557fbbc1de\">\n                <img\n                    title=\"Ruheraum 2\"\n                    alt=\"Ruheraum 2\"\n                    src=\"https:\/\/pandora-tagesstaette.de\/wp-content\/gallery\/einrichtung\/thumbs\/thumbs_IMG_20191002_152815.jpg\"\n                    width=\"240\"\n                    height=\"160\"\n                    style=\"max-width:100%;\"\n                \/>\n            <\/a>\n        <\/div>\n\t\t\t\t\t\t\t<\/div> \n\t\t\t\n        \n\t\t\t\t<div id=\"ngg-image-7\" class=\"ngg-gallery-thumbnail-box\" >\n\t\t\t\t        <div class=\"ngg-gallery-thumbnail\">\n            <a href=\"https:\/\/pandora-tagesstaette.de\/wp-content\/gallery\/einrichtung\/IMG_20191004_083418.jpg\"\n               title=\"Ausgestattet mir drei Sofas und einem Fernseher. Bei Fussball Weltmeisterschaften bspw. sehr beliebt.\"\n               data-src=\"https:\/\/pandora-tagesstaette.de\/wp-content\/gallery\/einrichtung\/IMG_20191004_083418.jpg\"\n               data-thumbnail=\"https:\/\/pandora-tagesstaette.de\/wp-content\/gallery\/einrichtung\/thumbs\/thumbs_IMG_20191004_083418.jpg\"\n               data-image-id=\"85\"\n               data-title=\"Sofalounge\"\n               data-description=\"Ausgestattet mir drei Sofas und einem Fernseher. Bei Fussball Weltmeisterschaften bspw. sehr beliebt.\"\n               data-image-slug=\"img_20191004_083418\"\n               class=\"ngg-fancybox\" rel=\"ab1c0c3973a6c8a1870579557fbbc1de\">\n                <img\n                    title=\"Sofalounge\"\n                    alt=\"Sofalounge\"\n                    src=\"https:\/\/pandora-tagesstaette.de\/wp-content\/gallery\/einrichtung\/thumbs\/thumbs_IMG_20191004_083418.jpg\"\n                    width=\"240\"\n                    height=\"160\"\n                    style=\"max-width:100%;\"\n                \/>\n            <\/a>\n        <\/div>\n\t\t\t\t\t\t\t<\/div> \n\t\t\t\n        \n\t\t\t\t<div id=\"ngg-image-8\" class=\"ngg-gallery-thumbnail-box\" >\n\t\t\t\t        <div class=\"ngg-gallery-thumbnail\">\n            <a href=\"https:\/\/pandora-tagesstaette.de\/wp-content\/gallery\/einrichtung\/IMG_20191004_083356.jpg\"\n               title=\"\"\n               data-src=\"https:\/\/pandora-tagesstaette.de\/wp-content\/gallery\/einrichtung\/IMG_20191004_083356.jpg\"\n               data-thumbnail=\"https:\/\/pandora-tagesstaette.de\/wp-content\/gallery\/einrichtung\/thumbs\/thumbs_IMG_20191004_083356.jpg\"\n               data-image-id=\"86\"\n               data-title=\"Sofalounge Ansicht 2\"\n               data-description=\"\"\n               data-image-slug=\"img_20191004_083356\"\n               class=\"ngg-fancybox\" rel=\"ab1c0c3973a6c8a1870579557fbbc1de\">\n                <img\n                    title=\"Sofalounge Ansicht 2\"\n                    alt=\"Sofalounge Ansicht 2\"\n                    src=\"https:\/\/pandora-tagesstaette.de\/wp-content\/gallery\/einrichtung\/thumbs\/thumbs_IMG_20191004_083356.jpg\"\n                    width=\"240\"\n                    height=\"160\"\n                    style=\"max-width:100%;\"\n                \/>\n            <\/a>\n        <\/div>\n\t\t\t\t\t\t\t<\/div> \n\t\t\t\n        \n\t\t\t\t<div id=\"ngg-image-9\" class=\"ngg-gallery-thumbnail-box\" >\n\t\t\t\t        <div class=\"ngg-gallery-thumbnail\">\n            <a href=\"https:\/\/pandora-tagesstaette.de\/wp-content\/gallery\/einrichtung\/IMG_20191004_073404.jpg\"\n               title=\"Hier werden Mahlzeiten zu sich genommen, Gesellschaftspiele gespielt und \u00fcber das t\u00e4gliche Geschehen diskutiert.\"\n               data-src=\"https:\/\/pandora-tagesstaette.de\/wp-content\/gallery\/einrichtung\/IMG_20191004_073404.jpg\"\n               data-thumbnail=\"https:\/\/pandora-tagesstaette.de\/wp-content\/gallery\/einrichtung\/thumbs\/thumbs_IMG_20191004_073404.jpg\"\n               data-image-id=\"87\"\n               data-title=\"Tagesraum\"\n               data-description=\"Hier werden Mahlzeiten zu sich genommen, Gesellschaftspiele gespielt und \u00fcber das t\u00e4gliche Geschehen diskutiert.\"\n               data-image-slug=\"img_20191004_073404\"\n               class=\"ngg-fancybox\" rel=\"ab1c0c3973a6c8a1870579557fbbc1de\">\n                <img\n                    title=\"Tagesraum\"\n                    alt=\"Tagesraum\"\n                    src=\"https:\/\/pandora-tagesstaette.de\/wp-content\/gallery\/einrichtung\/thumbs\/thumbs_IMG_20191004_073404.jpg\"\n                    width=\"240\"\n                    height=\"160\"\n                    style=\"max-width:100%;\"\n                \/>\n            <\/a>\n        <\/div>\n\t\t\t\t\t\t\t<\/div> \n\t\t\t\n        \n\t\t\n\t\t<!-- Pagination -->\n\t<div class='ngg-clear'><\/div>\t<\/div>\n\n","protected":false},"excerpt":{"rendered":"","protected":false},"author":1,"featured_media":12,"parent":0,"menu_order":0,"comment_status":"closed","ping_status":"closed","template":"","meta":{"ngg_post_thumbnail":0},"_links":{"self":[{"href":"https:\/\/pandora-tagesstaette.de\/index.php?rest_route=\/wp\/v2\/pages\/452"}],"collection":[{"href":"https:\/\/pandora-tagesstaette.de\/index.php?rest_route=\/wp\/v2\/pages"}],"about":[{"href":"https:\/\/pandora-tagesstaette.de\/index.php?rest_route=\/wp\/v2\/types\/page"}],"author":[{"embeddable":true,"href":"https:\/\/pandora-tagesstaette.de\/index.php?rest_route=\/wp\/v2\/users\/1"}],"replies":[{"embeddable":true,"href":"https:\/\/pandora-tagesstaette.de\/index.php?rest_route=%2Fwp%2Fv2%2Fcomments&post=452"}],"version-history":[{"count":6,"href":"https:\/\/pandora-tagesstaette.de\/index.php?rest_route=\/wp\/v2\/pages\/452\/revisions"}],"predecessor-version":[{"id":784,"href":"https:\/\/pandora-tagesstaette.de\/index.php?rest_route=\/wp\/v2\/pages\/452\/revisions\/784"}],"wp:featuredmedia":[{"embeddable":true,"href":"https:\/\/pandora-tagesstaette.de\/index.php?rest_route=\/wp\/v2\/media\/12"}],"wp:attachment":[{"href":"https:\/\/pandora-tagesstaette.de\/index.php?rest_route=%2Fwp%2Fv2%2Fmedia&parent=452"}],"curies":[{"name":"wp","href":"https:\/\/api.w.org\/{rel}","templated":true}]}}