{"id":638,"date":"2019-12-09T07:09:53","date_gmt":"2019-12-09T07:09:53","guid":{"rendered":"http:\/\/pandora-tagesstaette.de\/?page_id=638"},"modified":"2026-02-12T08:49:13","modified_gmt":"2026-02-12T08:49:13","slug":"mesmerize","status":"publish","type":"page","link":"https:\/\/pandora-tagesstaette.de\/","title":{"rendered":"Home"},"content":{"rendered":"\t\t<div data-elementor-type=\"wp-page\" data-elementor-id=\"638\" class=\"elementor elementor-638\" data-elementor-settings=\"[]\">\n\t\t\t<div class=\"elementor-inner\">\n\t\t\t\t<div class=\"elementor-section-wrap\">\n\t\t\t\t\t\t\t<section class=\"elementor-element elementor-element-22e0659b elementor-section-boxed elementor-section-height-default elementor-section-height-default elementor-section elementor-top-section\" data-id=\"22e0659b\" data-element_type=\"section\">\n\t\t\t\t\t\t<div class=\"elementor-container elementor-column-gap-default\">\n\t\t\t\t<div class=\"elementor-row\">\n\t\t\t\t<div class=\"elementor-element elementor-element-4db7bddd elementor-column elementor-col-100 elementor-top-column\" data-id=\"4db7bddd\" data-element_type=\"column\">\n\t\t\t<div class=\"elementor-column-wrap  elementor-element-populated\">\n\t\t\t\t\t<div class=\"elementor-widget-wrap\">\n\t\t\t\t<div class=\"elementor-element elementor-element-6b993535 elementor-widget elementor-widget-text-editor\" data-id=\"6b993535\" data-element_type=\"widget\" data-widget_type=\"text-editor.default\">\n\t\t\t\t<div class=\"elementor-widget-container\">\n\t\t\t\t\t<div class=\"elementor-text-editor elementor-clearfix\"><div id=\"latest-news-1\" style=\"background-color: #f5fafd;\" data-label=\"Latest-news\" data-id=\"blog-section\" data-export-id=\"blog-section\" data-category=\"latest_news\" class=\"blog-section blog-section-standard content-section content-section-spacing\">\n<div class=\"gridContainer\">\n<div class=\"row\">\n<div data-type=\"column\" class=\"section-title-col\">\n<h2 class=\"\">Wir begr\u00fc\u00dfen Sie bei Pandora<\/h2>\n<p class=\"lead\">Herzlich Willkommen auf unserer Internetpr\u00e4senz.<br><br>Sie haben Fragen zu unserer Einrichtung, Preisen oder w\u00fcrden sich gerne einfach beraten lassen? Nehmen sie gerne Kontakt mit uns auf.<\/p>\n<\/div>\n<\/div>\n<\/div>\n<\/div>\n<div data-label=\"About\" data-id=\"about--1\" data-export-id=\"about-1\" data-category=\"about\" class=\"about-1 content-section\" id=\"about-1\" style=\"background-color: rgb(245, 250, 253);\">\n<div class=\"gridContainer\">\n<div class=\"row text-center\">\n<div class=\"section-title-col\" data-type=\"column\">\n<h5 class=\"\">Wir helfen mit Herz und Hand<\/h5>\n<p class=\"lead\">Unser Team besteht aus kompetenten Fachkr\u00e4ften.<br><br>Eine Mischung aus jungen und erfahrenen Fachkr\u00e4ften sorgt f\u00fcr Abwechslung<br><br>In Ihrem Alltag<\/p>\n<h2 class=\"\">Unser Team hilft Ihnen gerne weiter<\/h2>\n<\/div>\n<\/div>\n<div class=\"row\">\n<div class=\"button-holder space-bottom space-bottom-small\" data-type=\"column\"> <\/div>\n<div class=\"col-xs bottom-xs flexbox image-group-bottom-3-img space-bottom-xs center-xs\"> <img class=\"left-img shadow-large-black\" data-size=\"500x300\" src=\"http:\/\/pandora-tagesstaette.de\/wp-content\/uploads\/2019\/10\/IMG_20191002_152334.jpg\" alt=\"\" title=\"IMG_20191002_152334\"> <img class=\"center-img shadow-large-black\" data-size=\"500x300\" src=\"http:\/\/pandora-tagesstaette.de\/wp-content\/uploads\/2019\/10\/cropped-IMG_20191002_153609_1.jpg\" alt=\"\" title=\"cropped-IMG_20191002_153609_1.jpg\"> <img class=\"right-img shadow-large-black\" data-size=\"500x300\" src=\"http:\/\/pandora-tagesstaette.de\/wp-content\/uploads\/2019\/10\/cropped-IMG_20191004_083723.jpg\" alt=\"\" title=\"cropped-IMG_20191004_083723.jpg\"><\/div>\n<\/div>\n<\/div>\n<\/div>\n<div data-label=\"Team\" data-id=\"team--1\" data-export-id=\"team-2\" data-category=\"team\" class=\"team-2 content-section content-section-spacing\" id=\"team-1\" style=\"background-color: rgb(255, 255, 255);\">\n<div class=\"gridContainer\">\n<div class=\"row text-center\">\n<div class=\"section-title-col\" data-type=\"column\">\n<h2 class=\"\"><br><\/h2>\n<\/div>\n<\/div>\n<\/div>\n<\/div><\/div>\n\t\t\t\t<\/div>\n\t\t\t\t<\/div>\n\t\t\t\t\t\t<\/div>\n\t\t\t<\/div>\n\t\t<\/div>\n\t\t\t\t\t\t<\/div>\n\t\t\t<\/div>\n\t\t<\/section>\n\t\t\t\t\t\t<\/div>\n\t\t\t<\/div>\n\t\t<\/div>\n\t\t","protected":false},"excerpt":{"rendered":"<p>Wir begr\u00fc\u00dfen Sie bei Pandora Herzlich Willkommen auf unserer Internetpr\u00e4senz.Sie haben Fragen zu unserer Einrichtung, Preisen oder w\u00fcrden sich gerne einfach beraten lassen? Nehmen sie gerne Kontakt mit uns auf. Wir helfen mit Herz und Hand Unser Team besteht aus kompetenten Fachkr\u00e4ften.Eine Mischung aus jungen und erfahrenen Fachkr\u00e4ften sorgt f\u00fcr AbwechslungIn Ihrem Alltag Unser Team&hellip; <br \/> <a class=\"read-more\" href=\"https:\/\/pandora-tagesstaette.de\/\">Weiterlesen<\/a><\/p>\n","protected":false},"author":1,"featured_media":0,"parent":0,"menu_order":0,"comment_status":"closed","ping_status":"closed","template":"page-templates\/homepage.php","meta":{"ngg_post_thumbnail":0},"_links":{"self":[{"href":"https:\/\/pandora-tagesstaette.de\/index.php?rest_route=\/wp\/v2\/pages\/638"}],"collection":[{"href":"https:\/\/pandora-tagesstaette.de\/index.php?rest_route=\/wp\/v2\/pages"}],"about":[{"href":"https:\/\/pandora-tagesstaette.de\/index.php?rest_route=\/wp\/v2\/types\/page"}],"author":[{"embeddable":true,"href":"https:\/\/pandora-tagesstaette.de\/index.php?rest_route=\/wp\/v2\/users\/1"}],"replies":[{"embeddable":true,"href":"https:\/\/pandora-tagesstaette.de\/index.php?rest_route=%2Fwp%2Fv2%2Fcomments&post=638"}],"version-history":[{"count":61,"href":"https:\/\/pandora-tagesstaette.de\/index.php?rest_route=\/wp\/v2\/pages\/638\/revisions"}],"predecessor-version":[{"id":115486,"href":"https:\/\/pandora-tagesstaette.de\/index.php?rest_route=\/wp\/v2\/pages\/638\/revisions\/115486"}],"wp:attachment":[{"href":"https:\/\/pandora-tagesstaette.de\/index.php?rest_route=%2Fwp%2Fv2%2Fmedia&parent=638"}],"curies":[{"name":"wp","href":"https:\/\/api.w.org\/{rel}","templated":true}]}}